{"id":77,"date":"2023-03-09T02:31:32","date_gmt":"2023-03-09T02:31:32","guid":{"rendered":"https:\/\/demoapus1.com\/nerf\/?page_id=77"},"modified":"2025-01-12T03:25:35","modified_gmt":"2025-01-12T02:25:35","slug":"offres","status":"publish","type":"page","link":"https:\/\/nexus-sn.com\/preprod\/offres\/","title":{"rendered":"Offres de services"},"content":{"rendered":"\t\t<div data-elementor-type=\"wp-page\" data-elementor-id=\"77\" class=\"elementor elementor-77\">\n\t\t\t\t\t\t<section class=\"elementor-section elementor-top-section elementor-element elementor-element-2838cb6 elementor-section-content-middle elementor-section-boxed elementor-section-height-default elementor-section-height-default wpr-particle-no wpr-jarallax-no wpr-parallax-no wpr-sticky-section-no\" data-id=\"2838cb6\" data-element_type=\"section\">\n\t\t\t\t\t\t<div class=\"elementor-container elementor-column-gap-extended\">\n\t\t\t\t\t<div class=\"elementor-column elementor-col-50 elementor-top-column elementor-element elementor-element-d02ac81\" data-id=\"d02ac81\" data-element_type=\"column\">\n\t\t\t<div class=\"elementor-widget-wrap elementor-element-populated\">\n\t\t\t\t\t\t<div class=\"elementor-element elementor-element-726a5c2 elementor-invisible elementor-widget elementor-widget-image\" data-id=\"726a5c2\" data-element_type=\"widget\" data-settings=\"{&quot;_animation&quot;:&quot;slide-right&quot;}\" data-widget_type=\"image.default\">\n\t\t\t\t<div class=\"elementor-widget-container\">\n\t\t\t\t\t\t\t\t\t\t\t\t\t\t\t<img fetchpriority=\"high\" decoding=\"async\" width=\"828\" height=\"1080\" src=\"https:\/\/nexus-sn.com\/preprod\/wp-content\/uploads\/2025\/01\/mez.jpg\" class=\"attachment-full size-full wp-image-4731\" alt=\"\" srcset=\"https:\/\/nexus-sn.com\/preprod\/wp-content\/uploads\/2025\/01\/mez.jpg 828w, https:\/\/nexus-sn.com\/preprod\/wp-content\/uploads\/2025\/01\/mez-230x300.jpg 230w, https:\/\/nexus-sn.com\/preprod\/wp-content\/uploads\/2025\/01\/mez-785x1024.jpg 785w, https:\/\/nexus-sn.com\/preprod\/wp-content\/uploads\/2025\/01\/mez-768x1002.jpg 768w\" sizes=\"(max-width: 828px) 100vw, 828px\" \/>\t\t\t\t\t\t\t\t\t\t\t\t\t\t\t<\/div>\n\t\t\t\t<\/div>\n\t\t\t\t\t<\/div>\n\t\t<\/div>\n\t\t\t\t<div class=\"elementor-column elementor-col-50 elementor-top-column elementor-element elementor-element-b974c28\" data-id=\"b974c28\" data-element_type=\"column\">\n\t\t\t<div class=\"elementor-widget-wrap elementor-element-populated\">\n\t\t\t\t\t\t<div class=\"elementor-element elementor-element-571b021 elementor-invisible elementor-widget elementor-widget-heading\" data-id=\"571b021\" data-element_type=\"widget\" data-settings=\"{&quot;_animation&quot;:&quot;slide-left&quot;,&quot;_animation_delay&quot;:100}\" data-widget_type=\"heading.default\">\n\t\t\t\t<div class=\"elementor-widget-container\">\n\t\t\t\t\t<h2 class=\"elementor-heading-title elementor-size-default\"><span class=\"text-theme\">Mezzanine<\/span> THUTH<\/h2>\t\t\t\t<\/div>\n\t\t\t\t<\/div>\n\t\t\t\t<div class=\"elementor-element elementor-element-e8b1a34 elementor-invisible elementor-widget elementor-widget-text-editor\" data-id=\"e8b1a34\" data-element_type=\"widget\" data-settings=\"{&quot;_animation&quot;:&quot;slide-left&quot;,&quot;_animation_delay&quot;:200}\" data-widget_type=\"text-editor.default\">\n\t\t\t\t<div class=\"elementor-widget-container\">\n\t\t\t\t\t\t\t\t\t<p>La mezzanine de TRUTH Residence est un espace d\u00e9di\u00e9 au bien-\u00eatre, avec un spa, salon de beaut\u00e9,<br \/>sauna, et piscine int\u00e9rieure pour une relaxation compl\u00e8te. Un lounge \u00e9l\u00e9gant invite \u00e0 la convivialit\u00e9, tandis qu&rsquo;une salle de sport moderne avec vestiaires r\u00e9pond aux besoins des amateurs de fitness. Con\u00e7u pour l&rsquo;\u00e9quilibre entre d\u00e9tente et remise en forme, cet espace offre un cadre id\u00e9al pour le confort des r\u00e9sidents.<\/p>\t\t\t\t\t\t\t\t<\/div>\n\t\t\t\t<\/div>\n\t\t\t\t<div class=\"elementor-element elementor-element-c0a804c elementor-invisible elementor-widget elementor-widget-button\" data-id=\"c0a804c\" data-element_type=\"widget\" data-settings=\"{&quot;_animation&quot;:&quot;slide-left&quot;,&quot;_animation_delay&quot;:300}\" data-widget_type=\"button.default\">\n\t\t\t\t<div class=\"elementor-widget-container\">\n\t\t\t\t\t\t\t\t\t<div class=\"elementor-button-wrapper\">\n\t\t\t\t\t<a class=\"elementor-button elementor-button-link elementor-size-sm\" href=\"https:\/\/nexus-sn.com\/preprod\/apartment\/residence-truth\/\">\n\t\t\t\t\t\t<span class=\"elementor-button-content-wrapper\">\n\t\t\t\t\t\t\t\t\t<span class=\"elementor-button-text\">EXPLORER<\/span>\n\t\t\t\t\t<\/span>\n\t\t\t\t\t<\/a>\n\t\t\t\t<\/div>\n\t\t\t\t\t\t\t\t<\/div>\n\t\t\t\t<\/div>\n\t\t\t\t\t<\/div>\n\t\t<\/div>\n\t\t\t\t\t<\/div>\n\t\t<\/section>\n\t\t\t\t<section class=\"elementor-section elementor-top-section elementor-element elementor-element-957999c elementor-section-content-middle elementor-reverse-mobile elementor-section-boxed elementor-section-height-default elementor-section-height-default wpr-particle-no wpr-jarallax-no wpr-parallax-no wpr-sticky-section-no\" data-id=\"957999c\" data-element_type=\"section\">\n\t\t\t\t\t\t<div class=\"elementor-container elementor-column-gap-extended\">\n\t\t\t\t\t<div class=\"elementor-column elementor-col-50 elementor-top-column elementor-element elementor-element-01e6843\" data-id=\"01e6843\" data-element_type=\"column\">\n\t\t\t<div class=\"elementor-widget-wrap elementor-element-populated\">\n\t\t\t\t\t\t<div class=\"elementor-element elementor-element-8b8e973 elementor-invisible elementor-widget elementor-widget-heading\" data-id=\"8b8e973\" data-element_type=\"widget\" data-settings=\"{&quot;_animation&quot;:&quot;slide-right&quot;}\" data-widget_type=\"heading.default\">\n\t\t\t\t<div class=\"elementor-widget-container\">\n\t\t\t\t\t<h2 class=\"elementor-heading-title elementor-size-default\"><span class=\"text-theme\">Piscine<\/span>  Int\u00e9rieure<\/h2>\t\t\t\t<\/div>\n\t\t\t\t<\/div>\n\t\t\t\t<div class=\"elementor-element elementor-element-62afed7 elementor-invisible elementor-widget elementor-widget-text-editor\" data-id=\"62afed7\" data-element_type=\"widget\" data-settings=\"{&quot;_animation&quot;:&quot;slide-right&quot;,&quot;_animation_delay&quot;:100}\" data-widget_type=\"text-editor.default\">\n\t\t\t\t<div class=\"elementor-widget-container\">\n\t\t\t\t\t\t\t\t\t<p>La piscine int\u00e9rieure de TRUTH Residence est un havre de paix pour les r\u00e9sidents, avec une lumi\u00e8re douce et un d\u00e9cor \u00e9l\u00e9gant invitant \u00e0 la d\u00e9tente en toute saison. Id\u00e9ale pour nager ou se relaxer, elle se situe pr\u00e8s du spa, sauna et lounge, offrant un acc\u00e8s facile \u00e0 toutes les commodit\u00e9s bien-\u00eatre de la mezzanine.<\/p>\t\t\t\t\t\t\t\t<\/div>\n\t\t\t\t<\/div>\n\t\t\t\t<div class=\"elementor-element elementor-element-80ae129 elementor-invisible elementor-widget elementor-widget-button\" data-id=\"80ae129\" data-element_type=\"widget\" data-settings=\"{&quot;_animation&quot;:&quot;slide-right&quot;,&quot;_animation_delay&quot;:200}\" data-widget_type=\"button.default\">\n\t\t\t\t<div class=\"elementor-widget-container\">\n\t\t\t\t\t\t\t\t\t<div class=\"elementor-button-wrapper\">\n\t\t\t\t\t<a class=\"elementor-button elementor-button-link elementor-size-sm\" href=\"https:\/\/nexus-sn.com\/preprod\/apartment\/residence-truth\/\">\n\t\t\t\t\t\t<span class=\"elementor-button-content-wrapper\">\n\t\t\t\t\t\t\t\t\t<span class=\"elementor-button-text\">EXPLORER<\/span>\n\t\t\t\t\t<\/span>\n\t\t\t\t\t<\/a>\n\t\t\t\t<\/div>\n\t\t\t\t\t\t\t\t<\/div>\n\t\t\t\t<\/div>\n\t\t\t\t\t<\/div>\n\t\t<\/div>\n\t\t\t\t<div class=\"elementor-column elementor-col-50 elementor-top-column elementor-element elementor-element-6b74ef7\" data-id=\"6b74ef7\" data-element_type=\"column\">\n\t\t\t<div class=\"elementor-widget-wrap elementor-element-populated\">\n\t\t\t\t\t\t<div class=\"elementor-element elementor-element-19fd6b2 elementor-invisible elementor-widget elementor-widget-image\" data-id=\"19fd6b2\" data-element_type=\"widget\" data-settings=\"{&quot;_animation&quot;:&quot;slide-left&quot;,&quot;_animation_delay&quot;:300}\" data-widget_type=\"image.default\">\n\t\t\t\t<div class=\"elementor-widget-container\">\n\t\t\t\t\t\t\t\t\t\t\t\t\t\t\t<img decoding=\"async\" width=\"1080\" height=\"543\" src=\"https:\/\/nexus-sn.com\/preprod\/wp-content\/uploads\/2025\/01\/pis.jpg\" class=\"attachment-full size-full wp-image-4734\" alt=\"\" srcset=\"https:\/\/nexus-sn.com\/preprod\/wp-content\/uploads\/2025\/01\/pis.jpg 1080w, https:\/\/nexus-sn.com\/preprod\/wp-content\/uploads\/2025\/01\/pis-300x151.jpg 300w, https:\/\/nexus-sn.com\/preprod\/wp-content\/uploads\/2025\/01\/pis-1024x515.jpg 1024w, https:\/\/nexus-sn.com\/preprod\/wp-content\/uploads\/2025\/01\/pis-768x386.jpg 768w\" sizes=\"(max-width: 1080px) 100vw, 1080px\" \/>\t\t\t\t\t\t\t\t\t\t\t\t\t\t\t<\/div>\n\t\t\t\t<\/div>\n\t\t\t\t\t<\/div>\n\t\t<\/div>\n\t\t\t\t\t<\/div>\n\t\t<\/section>\n\t\t\t\t<section class=\"elementor-section elementor-top-section elementor-element elementor-element-2748b32 elementor-section-content-middle elementor-section-boxed elementor-section-height-default elementor-section-height-default wpr-particle-no wpr-jarallax-no wpr-parallax-no wpr-sticky-section-no\" data-id=\"2748b32\" data-element_type=\"section\">\n\t\t\t\t\t\t<div class=\"elementor-container elementor-column-gap-extended\">\n\t\t\t\t\t<div class=\"elementor-column elementor-col-50 elementor-top-column elementor-element elementor-element-5f1c572\" data-id=\"5f1c572\" data-element_type=\"column\">\n\t\t\t<div class=\"elementor-widget-wrap elementor-element-populated\">\n\t\t\t\t\t\t<div class=\"elementor-element elementor-element-a31230e elementor-invisible elementor-widget elementor-widget-image\" data-id=\"a31230e\" data-element_type=\"widget\" data-settings=\"{&quot;_animation&quot;:&quot;slide-right&quot;}\" data-widget_type=\"image.default\">\n\t\t\t\t<div class=\"elementor-widget-container\">\n\t\t\t\t\t\t\t\t\t\t\t\t\t\t\t<img decoding=\"async\" width=\"1080\" height=\"544\" src=\"https:\/\/nexus-sn.com\/preprod\/wp-content\/uploads\/2025\/01\/spa.jpg\" class=\"attachment-full size-full wp-image-4735\" alt=\"\" srcset=\"https:\/\/nexus-sn.com\/preprod\/wp-content\/uploads\/2025\/01\/spa.jpg 1080w, https:\/\/nexus-sn.com\/preprod\/wp-content\/uploads\/2025\/01\/spa-300x151.jpg 300w, https:\/\/nexus-sn.com\/preprod\/wp-content\/uploads\/2025\/01\/spa-1024x516.jpg 1024w, https:\/\/nexus-sn.com\/preprod\/wp-content\/uploads\/2025\/01\/spa-768x387.jpg 768w\" sizes=\"(max-width: 1080px) 100vw, 1080px\" \/>\t\t\t\t\t\t\t\t\t\t\t\t\t\t\t<\/div>\n\t\t\t\t<\/div>\n\t\t\t\t\t<\/div>\n\t\t<\/div>\n\t\t\t\t<div class=\"elementor-column elementor-col-50 elementor-top-column elementor-element elementor-element-b27141a\" data-id=\"b27141a\" data-element_type=\"column\">\n\t\t\t<div class=\"elementor-widget-wrap elementor-element-populated\">\n\t\t\t\t\t\t<div class=\"elementor-element elementor-element-c24ee59 elementor-invisible elementor-widget elementor-widget-heading\" data-id=\"c24ee59\" data-element_type=\"widget\" data-settings=\"{&quot;_animation&quot;:&quot;slide-left&quot;,&quot;_animation_delay&quot;:100}\" data-widget_type=\"heading.default\">\n\t\t\t\t<div class=\"elementor-widget-container\">\n\t\t\t\t\t<h2 class=\"elementor-heading-title elementor-size-default\"><span class=\"text-theme\">Spa<\/span><br>&amp; Salon<\/h2>\t\t\t\t<\/div>\n\t\t\t\t<\/div>\n\t\t\t\t<div class=\"elementor-element elementor-element-c5a6627 elementor-invisible elementor-widget elementor-widget-text-editor\" data-id=\"c5a6627\" data-element_type=\"widget\" data-settings=\"{&quot;_animation&quot;:&quot;slide-left&quot;,&quot;_animation_delay&quot;:200}\" data-widget_type=\"text-editor.default\">\n\t\t\t\t<div class=\"elementor-widget-container\">\n\t\t\t\t\t\t\t\t\t<p>Le spa et salon de beaut\u00e9 de TRUTH Residence sont des sanctuaires de bien-\u00eatre, offrant des soins relaxants et esth\u00e9tiques dans une ambiance apaisante. Du massage aux soins du visage et capillaires, tout est con\u00e7u pour r\u00e9pondre aux besoins de relaxation et de beaut\u00e9 des r\u00e9sidents, sans quitter le confort de la r\u00e9sidence.<\/p>\t\t\t\t\t\t\t\t<\/div>\n\t\t\t\t<\/div>\n\t\t\t\t<div class=\"elementor-element elementor-element-c7fe055 elementor-invisible elementor-widget elementor-widget-button\" data-id=\"c7fe055\" data-element_type=\"widget\" data-settings=\"{&quot;_animation&quot;:&quot;slide-left&quot;,&quot;_animation_delay&quot;:300}\" data-widget_type=\"button.default\">\n\t\t\t\t<div class=\"elementor-widget-container\">\n\t\t\t\t\t\t\t\t\t<div class=\"elementor-button-wrapper\">\n\t\t\t\t\t<a class=\"elementor-button elementor-button-link elementor-size-sm\" href=\"https:\/\/nexus-sn.com\/preprod\/apartment\/residence-truth\/\">\n\t\t\t\t\t\t<span class=\"elementor-button-content-wrapper\">\n\t\t\t\t\t\t\t\t\t<span class=\"elementor-button-text\">EXPLORER<\/span>\n\t\t\t\t\t<\/span>\n\t\t\t\t\t<\/a>\n\t\t\t\t<\/div>\n\t\t\t\t\t\t\t\t<\/div>\n\t\t\t\t<\/div>\n\t\t\t\t\t<\/div>\n\t\t<\/div>\n\t\t\t\t\t<\/div>\n\t\t<\/section>\n\t\t\t\t<section class=\"elementor-section elementor-top-section elementor-element elementor-element-3afda75 elementor-section-content-middle elementor-reverse-mobile elementor-section-boxed elementor-section-height-default elementor-section-height-default wpr-particle-no wpr-jarallax-no wpr-parallax-no wpr-sticky-section-no\" data-id=\"3afda75\" data-element_type=\"section\">\n\t\t\t\t\t\t<div class=\"elementor-container elementor-column-gap-extended\">\n\t\t\t\t\t<div class=\"elementor-column elementor-col-50 elementor-top-column elementor-element elementor-element-ab05880\" data-id=\"ab05880\" data-element_type=\"column\">\n\t\t\t<div class=\"elementor-widget-wrap elementor-element-populated\">\n\t\t\t\t\t\t<div class=\"elementor-element elementor-element-e7c17b6 elementor-invisible elementor-widget elementor-widget-heading\" data-id=\"e7c17b6\" data-element_type=\"widget\" data-settings=\"{&quot;_animation&quot;:&quot;slide-right&quot;}\" data-widget_type=\"heading.default\">\n\t\t\t\t<div class=\"elementor-widget-container\">\n\t\t\t\t\t<h2 class=\"elementor-heading-title elementor-size-default\"><span class=\"text-theme\">Salle<\/span> <br>de Sport<\/h2>\t\t\t\t<\/div>\n\t\t\t\t<\/div>\n\t\t\t\t<div class=\"elementor-element elementor-element-3c11b3b elementor-invisible elementor-widget elementor-widget-text-editor\" data-id=\"3c11b3b\" data-element_type=\"widget\" data-settings=\"{&quot;_animation&quot;:&quot;slide-right&quot;,&quot;_animation_delay&quot;:100}\" data-widget_type=\"text-editor.default\">\n\t\t\t\t<div class=\"elementor-widget-container\">\n\t\t\t\t\t\t\t\t\t<p>La salle de sport de TRUTH Residence, \u00e9quip\u00e9e d\u2019appareils de derni\u00e8re g\u00e9n\u00e9ration, r\u00e9pond aux besoins des amateurs de fitness, offrant des options pour cardio, musculation, et renforcement. Adapt\u00e9e aux d\u00e9butants comme aux passionn\u00e9s, elle inclut des vestiaires confortables pour se rafra\u00eechir apr\u00e8s l\u2019entra\u00eenement, permettant de rester en forme sans quitter la r\u00e9sidence.<\/p>\t\t\t\t\t\t\t\t<\/div>\n\t\t\t\t<\/div>\n\t\t\t\t<div class=\"elementor-element elementor-element-045d3f8 elementor-invisible elementor-widget elementor-widget-button\" data-id=\"045d3f8\" data-element_type=\"widget\" data-settings=\"{&quot;_animation&quot;:&quot;slide-right&quot;,&quot;_animation_delay&quot;:200}\" data-widget_type=\"button.default\">\n\t\t\t\t<div class=\"elementor-widget-container\">\n\t\t\t\t\t\t\t\t\t<div class=\"elementor-button-wrapper\">\n\t\t\t\t\t<a class=\"elementor-button elementor-button-link elementor-size-sm\" href=\"https:\/\/nexus-sn.com\/preprod\/apartment\/residence-truth\/\">\n\t\t\t\t\t\t<span class=\"elementor-button-content-wrapper\">\n\t\t\t\t\t\t\t\t\t<span class=\"elementor-button-text\">EXPLORER<\/span>\n\t\t\t\t\t<\/span>\n\t\t\t\t\t<\/a>\n\t\t\t\t<\/div>\n\t\t\t\t\t\t\t\t<\/div>\n\t\t\t\t<\/div>\n\t\t\t\t\t<\/div>\n\t\t<\/div>\n\t\t\t\t<div class=\"elementor-column elementor-col-50 elementor-top-column elementor-element elementor-element-f200934\" data-id=\"f200934\" data-element_type=\"column\">\n\t\t\t<div class=\"elementor-widget-wrap elementor-element-populated\">\n\t\t\t\t\t\t<div class=\"elementor-element elementor-element-46fe8e2 elementor-invisible elementor-widget elementor-widget-image\" data-id=\"46fe8e2\" data-element_type=\"widget\" data-settings=\"{&quot;_animation&quot;:&quot;slide-left&quot;,&quot;_animation_delay&quot;:300}\" data-widget_type=\"image.default\">\n\t\t\t\t<div class=\"elementor-widget-container\">\n\t\t\t\t\t\t\t\t\t\t\t\t\t\t\t<img loading=\"lazy\" decoding=\"async\" width=\"1080\" height=\"544\" src=\"https:\/\/nexus-sn.com\/preprod\/wp-content\/uploads\/2025\/01\/spo.jpg\" class=\"attachment-full size-full wp-image-4736\" alt=\"\" srcset=\"https:\/\/nexus-sn.com\/preprod\/wp-content\/uploads\/2025\/01\/spo.jpg 1080w, https:\/\/nexus-sn.com\/preprod\/wp-content\/uploads\/2025\/01\/spo-300x151.jpg 300w, https:\/\/nexus-sn.com\/preprod\/wp-content\/uploads\/2025\/01\/spo-1024x516.jpg 1024w, https:\/\/nexus-sn.com\/preprod\/wp-content\/uploads\/2025\/01\/spo-768x387.jpg 768w\" sizes=\"(max-width: 1080px) 100vw, 1080px\" \/>\t\t\t\t\t\t\t\t\t\t\t\t\t\t\t<\/div>\n\t\t\t\t<\/div>\n\t\t\t\t\t<\/div>\n\t\t<\/div>\n\t\t\t\t\t<\/div>\n\t\t<\/section>\n\t\t\t\t<\/div>\n\t\t","protected":false},"excerpt":{"rendered":"<p>Mezzanine THUTH La mezzanine de TRUTH Residence est un espace d\u00e9di\u00e9 au bien-\u00eatre, avec un spa, salon de beaut\u00e9,sauna, et piscine int\u00e9rieure pour une relaxation compl\u00e8te. Un lounge \u00e9l\u00e9gant invite \u00e0 la convivialit\u00e9, tandis qu&rsquo;une salle de sport moderne avec vestiaires r\u00e9pond aux besoins des amateurs de fitness. Con\u00e7u pour l&rsquo;\u00e9quilibre entre d\u00e9tente et remise en forme, cet espace offre un cadre id\u00e9al pour le confort des r\u00e9sidents. EXPLORER Piscine Int\u00e9rieure La piscine int\u00e9rieure de TRUTH Residence est un havre de paix pour les r\u00e9sidents, avec une lumi\u00e8re douce et un d\u00e9cor \u00e9l\u00e9gant invitant \u00e0 la d\u00e9tente en toute saison. Id\u00e9ale pour nager ou se relaxer, elle se situe pr\u00e8s du spa, sauna et lounge, offrant un acc\u00e8s facile \u00e0 toutes les commodit\u00e9s bien-\u00eatre de la mezzanine. EXPLORER Spa&amp; Salon Le spa et salon de beaut\u00e9 de TRUTH Residence sont des sanctuaires de bien-\u00eatre, offrant des soins relaxants et esth\u00e9tiques dans une ambiance apaisante. Du massage aux soins du visage et capillaires, tout est con\u00e7u pour r\u00e9pondre aux besoins de relaxation et de beaut\u00e9 des r\u00e9sidents, sans quitter le confort de la r\u00e9sidence. EXPLORER Salle de Sport La salle de sport de TRUTH Residence, \u00e9quip\u00e9e d\u2019appareils de derni\u00e8re g\u00e9n\u00e9ration, r\u00e9pond aux besoins des amateurs de fitness, offrant des options pour cardio, musculation, et renforcement. Adapt\u00e9e aux d\u00e9butants comme aux passionn\u00e9s, elle inclut des vestiaires confortables pour se rafra\u00eechir apr\u00e8s l\u2019entra\u00eenement, permettant de rester en forme sans quitter la r\u00e9sidence. EXPLORER<\/p>\n","protected":false},"author":1,"featured_media":0,"parent":0,"menu_order":0,"comment_status":"closed","ping_status":"closed","template":"","meta":{"iawp_total_views":1,"footnotes":""},"class_list":["post-77","page","type-page","status-publish","hentry"],"_links":{"self":[{"href":"https:\/\/nexus-sn.com\/preprod\/wp-json\/wp\/v2\/pages\/77","targetHints":{"allow":["GET"]}}],"collection":[{"href":"https:\/\/nexus-sn.com\/preprod\/wp-json\/wp\/v2\/pages"}],"about":[{"href":"https:\/\/nexus-sn.com\/preprod\/wp-json\/wp\/v2\/types\/page"}],"author":[{"embeddable":true,"href":"https:\/\/nexus-sn.com\/preprod\/wp-json\/wp\/v2\/users\/1"}],"replies":[{"embeddable":true,"href":"https:\/\/nexus-sn.com\/preprod\/wp-json\/wp\/v2\/comments?post=77"}],"version-history":[{"count":7,"href":"https:\/\/nexus-sn.com\/preprod\/wp-json\/wp\/v2\/pages\/77\/revisions"}],"predecessor-version":[{"id":4739,"href":"https:\/\/nexus-sn.com\/preprod\/wp-json\/wp\/v2\/pages\/77\/revisions\/4739"}],"wp:attachment":[{"href":"https:\/\/nexus-sn.com\/preprod\/wp-json\/wp\/v2\/media?parent=77"}],"curies":[{"name":"wp","href":"https:\/\/api.w.org\/{rel}","templated":true}]}}