{"id":72,"date":"2023-03-09T02:30:06","date_gmt":"2023-03-09T02:30:06","guid":{"rendered":"https:\/\/demoapus1.com\/nerf\/?page_id=72"},"modified":"2024-12-24T01:15:34","modified_gmt":"2024-12-24T00:15:34","slug":"notre-signature","status":"publish","type":"page","link":"https:\/\/nexus-sn.com\/preprod\/notre-signature\/","title":{"rendered":"Notre Signature"},"content":{"rendered":"\t\t<div data-elementor-type=\"wp-page\" data-elementor-id=\"72\" class=\"elementor elementor-72\">\n\t\t\t\t\t\t<section class=\"elementor-section elementor-top-section elementor-element elementor-element-1aa4dddf elementor-section-stretched elementor-section-boxed elementor-section-height-default elementor-section-height-default wpr-particle-no wpr-jarallax-no wpr-parallax-no wpr-sticky-section-no\" data-id=\"1aa4dddf\" data-element_type=\"section\" data-settings=\"{&quot;stretch_section&quot;:&quot;section-stretched&quot;}\">\n\t\t\t\t\t\t<div class=\"elementor-container elementor-column-gap-no\">\n\t\t\t\t\t<div class=\"elementor-column elementor-col-100 elementor-top-column elementor-element elementor-element-18785eae\" data-id=\"18785eae\" data-element_type=\"column\" data-settings=\"{&quot;background_background&quot;:&quot;classic&quot;}\">\n\t\t\t<div class=\"elementor-widget-wrap elementor-element-populated\">\n\t\t\t\t\t\t<section class=\"elementor-section elementor-inner-section elementor-element elementor-element-7c7f7aa5 elementor-section-content-middle elementor-section-boxed elementor-section-height-default elementor-section-height-default wpr-particle-no wpr-jarallax-no wpr-parallax-no wpr-sticky-section-no\" data-id=\"7c7f7aa5\" data-element_type=\"section\">\n\t\t\t\t\t\t<div class=\"elementor-container elementor-column-gap-extended\">\n\t\t\t\t\t<div class=\"elementor-column elementor-col-50 elementor-inner-column elementor-element elementor-element-5c2599f5 elementor-invisible\" data-id=\"5c2599f5\" data-element_type=\"column\" data-settings=\"{&quot;animation&quot;:&quot;slide-up&quot;}\">\n\t\t\t<div class=\"elementor-widget-wrap elementor-element-populated\">\n\t\t\t\t\t\t<div class=\"elementor-element elementor-element-3176702f elementor-widget elementor-widget-heading\" data-id=\"3176702f\" data-element_type=\"widget\" data-widget_type=\"heading.default\">\n\t\t\t\t<div class=\"elementor-widget-container\">\n\t\t\t\t\t<h2 class=\"elementor-heading-title elementor-size-default\">NOTRE<\/h2>\t\t\t\t<\/div>\n\t\t\t\t<\/div>\n\t\t\t\t<div class=\"elementor-element elementor-element-6f7d11ba elementor-widget elementor-widget-heading\" data-id=\"6f7d11ba\" data-element_type=\"widget\" data-widget_type=\"heading.default\">\n\t\t\t\t<div class=\"elementor-widget-container\">\n\t\t\t\t\t<h2 class=\"elementor-heading-title elementor-size-default\">SIGNATURE<\/h2>\t\t\t\t<\/div>\n\t\t\t\t<\/div>\n\t\t\t\t\t<\/div>\n\t\t<\/div>\n\t\t\t\t<div class=\"elementor-column elementor-col-50 elementor-inner-column elementor-element elementor-element-6ec750b6\" data-id=\"6ec750b6\" data-element_type=\"column\">\n\t\t\t<div class=\"elementor-widget-wrap elementor-element-populated\">\n\t\t\t\t\t\t<div class=\"elementor-element elementor-element-2e52e49a elementor-invisible elementor-widget elementor-widget-text-editor\" data-id=\"2e52e49a\" data-element_type=\"widget\" data-settings=\"{&quot;_animation&quot;:&quot;slide-up&quot;,&quot;_animation_delay&quot;:150}\" data-widget_type=\"text-editor.default\">\n\t\t\t\t<div class=\"elementor-widget-container\">\n\t\t\t\t\t\t\t\t\t<p>D\u00e9couvrez un univers o\u00f9 chaque espace et chaque service ont \u00e9t\u00e9 imagin\u00e9s pour enrichir votre quotidien. Chez Nexus, l\u2019exp\u00e9rience se vit dans les moindres d\u00e9tails : des salons partag\u00e9s au calme des terrasses, des jardins privatifs aux balcons ensoleill\u00e9s, jusqu\u2019aux espaces de travail en rooftop. Bien plus qu\u2019un simple lieu de r\u00e9sidence, Nexus est une invitation \u00e0 vivre pleinement chaque instant, dans une harmonie parfaite entre fonctionnalit\u00e9 et raffinement.<\/p>\t\t\t\t\t\t\t\t<\/div>\n\t\t\t\t<\/div>\n\t\t\t\t\t<\/div>\n\t\t<\/div>\n\t\t\t\t\t<\/div>\n\t\t<\/section>\n\t\t\t\t<section class=\"elementor-section elementor-inner-section elementor-element elementor-element-3ebe7fe5 elementor-section-boxed elementor-section-height-default elementor-section-height-default wpr-particle-no wpr-jarallax-no wpr-parallax-no wpr-sticky-section-no\" data-id=\"3ebe7fe5\" data-element_type=\"section\">\n\t\t\t\t\t\t<div class=\"elementor-container elementor-column-gap-extended\">\n\t\t\t\t\t<div class=\"elementor-column elementor-col-100 elementor-inner-column elementor-element elementor-element-140462e5\" data-id=\"140462e5\" data-element_type=\"column\">\n\t\t\t<div class=\"elementor-widget-wrap elementor-element-populated\">\n\t\t\t\t\t\t<div class=\"elementor-element elementor-element-78c38989 e-transform elementor-invisible elementor-widget elementor-widget-apus_element_features_box\" data-id=\"78c38989\" data-element_type=\"widget\" data-settings=\"{&quot;columns&quot;:&quot;3&quot;,&quot;_animation&quot;:&quot;slide-up&quot;,&quot;_animation_delay&quot;:150,&quot;_transform_scale_effect&quot;:{&quot;unit&quot;:&quot;px&quot;,&quot;size&quot;:&quot;&quot;,&quot;sizes&quot;:[]},&quot;_transform_scale_effect_tablet&quot;:{&quot;unit&quot;:&quot;px&quot;,&quot;size&quot;:&quot;&quot;,&quot;sizes&quot;:[]},&quot;_transform_scale_effect_mobile&quot;:{&quot;unit&quot;:&quot;px&quot;,&quot;size&quot;:&quot;&quot;,&quot;sizes&quot;:[]}}\" data-widget_type=\"apus_element_features_box.default\">\n\t\t\t\t<div class=\"elementor-widget-container\">\n\t\t\t\t\t            <div class=\"widget-features-box <br \/>\n<b>Warning<\/b>:  Undefined variable $alignment in <b>\/htdocs\/preprod\/wp-content\/themes\/nerf\/inc\/vendors\/elementor\/widgets\/features_box.php<\/b> on line <b>506<\/b><br \/>\n \">\n                  \n                    <div class=\"row\">\n                                                    <div class=\"item col-xl-4 col-md-6 col-12\">\n                                <div class=\"item-inner-features style1\">\n                                    <div class=\"top-inner\">\n                                                                                <div class=\"features-box-image d-inline-flex align-items-center justify-content-center icon\"><i class=\"flaticon-building\"><\/i><\/div><\/div><div class=\"features-box-content\"><h3 class=\"title\">ESPACES FLEXIBLES ET CONTEMPORAINS<\/h3><div class=\"description\">Des espaces de vie et de travail con\u00e7us pour \u00e9voluer avec vous. Nexus vous offre une modularit\u00e9 sans compromis, o\u00f9 la modernit\u00e9 rencontre la fonctionnalit\u00e9. Chaque m\u00e8tre carr\u00e9 est pens\u00e9 pour s'adapter \u00e0 vos besoins changeants, assurant un \u00e9quilibre entre esth\u00e9tique et confort, pour une exp\u00e9rience quotidienne fluide et intuitive.<\/div><\/div>\n                                <\/div>\n                            <\/div>\n                                                    <div class=\"item col-xl-4 col-md-6 col-12\">\n                                <div class=\"item-inner-features style1\">\n                                    <div class=\"top-inner\">\n                                                                                <div class=\"features-box-image d-inline-flex align-items-center justify-content-center icon\"><i class=\"flaticon-group\"><\/i><\/div><\/div><div class=\"features-box-content\"><h3 class=\"title\">EQUIPE PRODUCTION ET PLANIFICATION<\/h3><div class=\"description\">Nos \u00e9quipes d'experts sont le pilier de votre projet. En veillant \u00e0 chaque d\u00e9tail avec rigueur et pr\u00e9cision, elles assurent un suivi de A \u00e0 Z, de la conception initiale \u00e0 la remise des cl\u00e9s. Le professionnalisme et l\u2019engagement de nos \u00e9quipes garantissent que chaque \u00e9tape est men\u00e9e avec le plus grand soin pour d\u00e9passer vos attentes.<\/div><\/div>\n                                <\/div>\n                            <\/div>\n                                                    <div class=\"item col-xl-4 col-md-6 col-12\">\n                                <div class=\"item-inner-features style1\">\n                                    <div class=\"top-inner\">\n                                                                                <div class=\"features-box-image d-inline-flex align-items-center justify-content-center icon\"><i class=\"flaticon-map\"><\/i><\/div><\/div><div class=\"features-box-content\"><h3 class=\"title\">Emplacement <\/br> Attractif<\/h3><div class=\"description\">Chaque projet Nexus b\u00e9n\u00e9ficie d\u2019emplacements soigneusement s\u00e9lectionn\u00e9s, dans des zones \u00e0 fort potentiel. Alliant accessibilit\u00e9, s\u00e9curit\u00e9 et cadre de vie inspirant, nos emplacements sont pens\u00e9s pour enrichir le quotidien de nos r\u00e9sidents tout en offrant un investissement strat\u00e9giquement avantageux et durable.<\/div><\/div>\n                                <\/div>\n                            <\/div>\n                                                    <div class=\"item col-xl-4 col-md-6 col-12\">\n                                <div class=\"item-inner-features style1\">\n                                    <div class=\"top-inner\">\n                                                                                <div class=\"features-box-image d-inline-flex align-items-center justify-content-center icon\"><i class=\"flaticon-badge-1\"><\/i><\/div><\/div><div class=\"features-box-content\"><h3 class=\"title\">NOUS SOMMES L\u00c0 POUR VOTRE R\u00c9USSITE<\/h3><div class=\"description\">Chez Nexus, votre succ\u00e8s est notre priorit\u00e9. Plus qu\u2019un simple accompagnement, nous offrons un partenariat o\u00f9 chaque service est ajust\u00e9 pour r\u00e9pondre aux exigences sp\u00e9cifiques de votre projet. Nous nous engageons \u00e0 transformer votre vision en r\u00e9alit\u00e9, pour que chaque investissement soit \u00e0 la fois s\u00fbr et prosp\u00e8re.<\/div><\/div>\n                                <\/div>\n                            <\/div>\n                                                    <div class=\"item col-xl-4 col-md-6 col-12\">\n                                <div class=\"item-inner-features style1\">\n                                    <div class=\"top-inner\">\n                                                                                <div class=\"features-box-image d-inline-flex align-items-center justify-content-center icon\"><i class=\"flaticon-like\"><\/i><\/div><\/div><div class=\"features-box-content\"><h3 class=\"title\">Design Centr\u00e9 sur l\u2019Humain et Espaces Amicaux<\/h3><div class=\"description\">Nos espaces favorisent le bien-\u00eatre, le confort et l\u2019interaction. Inspir\u00e9s par l\u2019humain, ils sont pens\u00e9s pour offrir des lieux chaleureux, accueillants et connect\u00e9s, o\u00f9 la qualit\u00e9 de vie est au centre. Chez Nexus, chaque d\u00e9tail, et chaque aspect est con\u00e7u pour cr\u00e9er une ambiance propice aux \u00e9changes et \u00e0 l\u2019\u00e9panouissement.<\/div><\/div>\n                                <\/div>\n                            <\/div>\n                                                    <div class=\"item col-xl-4 col-md-6 col-12\">\n                                <div class=\"item-inner-features style1\">\n                                    <div class=\"top-inner\">\n                                                                                <div class=\"features-box-image d-inline-flex align-items-center justify-content-center icon\"><i class=\"flaticon-technological\"><\/i><\/div><\/div><div class=\"features-box-content\"><h3 class=\"title\">Technologie de <\/br> Pointe<\/h3><div class=\"description\">Les innovations technologiques font partie int\u00e9grante de chaque projet. Nous int\u00e9grons des syst\u00e8mes intelligents et connect\u00e9s qui simplifient la gestion quotidienne, offrent un confort accru, et assurent la s\u00e9curit\u00e9 des r\u00e9sidents. L\u2019exp\u00e9rience Nexus, c\u2019est un quotidien rendu fluide et serein gr\u00e2ce \u00e0 des solutions de pointe.<\/div><\/div>\n                                <\/div>\n                            <\/div>\n                                                    <div class=\"item col-xl-4 col-md-6 col-12\">\n                                <div class=\"item-inner-features style1\">\n                                    <div class=\"top-inner\">\n                                                                                <div class=\"features-box-image d-inline-flex align-items-center justify-content-center icon\"><i class=\"fa fa-globe\"><\/i><\/div><\/div><div class=\"features-box-content\"><h3 class=\"title\">EXPERTISE EN INVESTISSEMENT DURABLE<\/h3><div class=\"description\">Nous croyons en des investissements qui durent. Notre expertise en gestion de patrimoine immobilier assure que chaque projet est non seulement con\u00e7u pour r\u00e9pondre aux besoins imm\u00e9diats, mais \u00e9galement pour pr\u00e9server et accro\u00eetre sa valeur au fil du temps, dans une d\u00e9marche durable et responsable.<\/div><\/div>\n                                <\/div>\n                            <\/div>\n                                                    <div class=\"item col-xl-4 col-md-6 col-12\">\n                                <div class=\"item-inner-features style1\">\n                                    <div class=\"top-inner\">\n                                                                                <div class=\"features-box-image d-inline-flex align-items-center justify-content-center icon\"><i class=\"ti-user\"><\/i><\/div><\/div><div class=\"features-box-content\"><h3 class=\"title\">SERVICES PERSONNALIS\u00c9S ET ADAPT\u00c9S<\/h3><div class=\"description\">Chez Nexus, chaque client est unique, et nous veillons \u00e0 ce que nos services le soient \u00e9galement. Que ce soit pour la gestion locative, la maintenance, ou l\u2019optimisation d\u2019espace, nous proposons des prestations ajust\u00e9es \u00e0 vos besoins pour que votre exp\u00e9rience soit la plus fluide et satisfaisante possible.<\/div><\/div>\n                                <\/div>\n                            <\/div>\n                                                    <div class=\"item col-xl-4 col-md-6 col-12\">\n                                <div class=\"item-inner-features style1\">\n                                    <div class=\"top-inner\">\n                                                                                <div class=\"features-box-image d-inline-flex align-items-center justify-content-center icon\"><i class=\"fa fa-star\"><\/i><\/div><\/div><div class=\"features-box-content\"><h3 class=\"title\">INSPIRATION ET CR\u00c9ATION CONTEMPORAINE<\/h3><div class=\"description\">Les r\u00e9sidences Nexus incarnent une vision moderne et inspir\u00e9e de l\u2019habitat. Chaque projet immobilier est le fruit d'une r\u00e9flexion artistique et architecturale qui m\u00eale subtilement les tendances actuelles convoit\u00e9es et l\u2019authenticit\u00e9 locale \u00e0 pr\u00e9server. C\u2019est l\u2019art de vivre revisit\u00e9 avec finesse et profondeur.<\/div><\/div>\n                                <\/div>\n                            <\/div>\n                                            <\/div>\n                            <\/div>\n            \t\t\t\t<\/div>\n\t\t\t\t<\/div>\n\t\t\t\t\t<\/div>\n\t\t<\/div>\n\t\t\t\t\t<\/div>\n\t\t<\/section>\n\t\t\t\t\t<\/div>\n\t\t<\/div>\n\t\t\t\t\t<\/div>\n\t\t<\/section>\n\t\t\t\t<\/div>\n\t\t","protected":false},"excerpt":{"rendered":"<p>NOTRE SIGNATURE D\u00e9couvrez un univers o\u00f9 chaque espace et chaque service ont \u00e9t\u00e9 imagin\u00e9s pour enrichir votre quotidien. Chez Nexus, l\u2019exp\u00e9rience se vit dans les moindres d\u00e9tails : des salons partag\u00e9s au calme des terrasses, des jardins privatifs aux balcons ensoleill\u00e9s, jusqu\u2019aux espaces de travail en rooftop. Bien plus qu\u2019un simple lieu de r\u00e9sidence, Nexus est une invitation \u00e0 vivre pleinement chaque instant, dans une harmonie parfaite entre fonctionnalit\u00e9 et raffinement. ESPACES FLEXIBLES ET CONTEMPORAINS Des espaces de vie et de travail con\u00e7us pour \u00e9voluer avec vous. Nexus vous offre une modularit\u00e9 sans compromis, o\u00f9 la modernit\u00e9 rencontre la fonctionnalit\u00e9. Chaque m\u00e8tre carr\u00e9 est pens\u00e9 pour s&rsquo;adapter \u00e0 vos besoins changeants, assurant un \u00e9quilibre entre esth\u00e9tique et confort, pour une exp\u00e9rience quotidienne fluide et intuitive. EQUIPE PRODUCTION ET PLANIFICATION Nos \u00e9quipes d&rsquo;experts sont le pilier de votre projet. En veillant \u00e0 chaque d\u00e9tail avec rigueur et pr\u00e9cision, elles assurent un suivi de A \u00e0 Z, de la conception initiale \u00e0 la remise des cl\u00e9s. Le professionnalisme et l\u2019engagement de nos \u00e9quipes garantissent que chaque \u00e9tape est men\u00e9e avec le plus grand soin pour d\u00e9passer vos attentes. Emplacement Attractif Chaque projet Nexus b\u00e9n\u00e9ficie d\u2019emplacements soigneusement s\u00e9lectionn\u00e9s, dans des zones \u00e0 fort potentiel. Alliant accessibilit\u00e9, s\u00e9curit\u00e9 et cadre de vie inspirant, nos emplacements sont pens\u00e9s pour enrichir le quotidien de nos r\u00e9sidents tout en offrant un investissement strat\u00e9giquement avantageux et durable. NOUS SOMMES L\u00c0 POUR VOTRE R\u00c9USSITE Chez Nexus, votre succ\u00e8s est notre priorit\u00e9. Plus qu\u2019un simple accompagnement, nous offrons un partenariat o\u00f9 chaque service est ajust\u00e9 pour r\u00e9pondre aux exigences sp\u00e9cifiques de votre projet. Nous nous engageons \u00e0 transformer votre vision en r\u00e9alit\u00e9, pour que chaque investissement soit \u00e0 la fois s\u00fbr et prosp\u00e8re. Design Centr\u00e9 sur l\u2019Humain et Espaces Amicaux Nos espaces favorisent le bien-\u00eatre, le confort et l\u2019interaction. Inspir\u00e9s par l\u2019humain, ils sont pens\u00e9s pour offrir des lieux chaleureux, accueillants et connect\u00e9s, o\u00f9 la qualit\u00e9 de vie est au centre. Chez Nexus, chaque d\u00e9tail, et chaque aspect est con\u00e7u pour cr\u00e9er une ambiance propice aux \u00e9changes et \u00e0 l\u2019\u00e9panouissement. Technologie de Pointe Les innovations technologiques font partie int\u00e9grante de chaque projet. Nous int\u00e9grons des syst\u00e8mes intelligents et connect\u00e9s qui simplifient la gestion quotidienne, offrent un confort accru, et assurent la s\u00e9curit\u00e9 des r\u00e9sidents. L\u2019exp\u00e9rience Nexus, c\u2019est un quotidien rendu fluide et serein gr\u00e2ce \u00e0 des solutions de pointe. EXPERTISE EN INVESTISSEMENT DURABLE Nous croyons en des investissements qui durent. Notre expertise en gestion de patrimoine immobilier assure que chaque projet est non seulement con\u00e7u pour r\u00e9pondre aux besoins imm\u00e9diats, mais \u00e9galement pour pr\u00e9server et accro\u00eetre sa valeur au fil du temps, dans une d\u00e9marche durable et responsable. SERVICES PERSONNALIS\u00c9S ET ADAPT\u00c9S Chez Nexus, chaque client est unique, et nous veillons \u00e0 ce que nos services le soient \u00e9galement. Que ce soit pour la gestion locative, la maintenance, ou l\u2019optimisation d\u2019espace, nous proposons des prestations ajust\u00e9es \u00e0 vos besoins pour que votre exp\u00e9rience soit la plus fluide et satisfaisante possible. INSPIRATION ET CR\u00c9ATION CONTEMPORAINE Les r\u00e9sidences Nexus incarnent une vision moderne et inspir\u00e9e de l\u2019habitat. Chaque projet immobilier est le fruit d&rsquo;une r\u00e9flexion artistique et architecturale qui m\u00eale subtilement les tendances actuelles convoit\u00e9es et l\u2019authenticit\u00e9 locale \u00e0 pr\u00e9server. C\u2019est l\u2019art de vivre revisit\u00e9 avec finesse et profondeur.<\/p>\n","protected":false},"author":1,"featured_media":0,"parent":0,"menu_order":0,"comment_status":"closed","ping_status":"closed","template":"","meta":{"iawp_total_views":2,"footnotes":""},"class_list":["post-72","page","type-page","status-publish","hentry"],"_links":{"self":[{"href":"https:\/\/nexus-sn.com\/preprod\/wp-json\/wp\/v2\/pages\/72","targetHints":{"allow":["GET"]}}],"collection":[{"href":"https:\/\/nexus-sn.com\/preprod\/wp-json\/wp\/v2\/pages"}],"about":[{"href":"https:\/\/nexus-sn.com\/preprod\/wp-json\/wp\/v2\/types\/page"}],"author":[{"embeddable":true,"href":"https:\/\/nexus-sn.com\/preprod\/wp-json\/wp\/v2\/users\/1"}],"replies":[{"embeddable":true,"href":"https:\/\/nexus-sn.com\/preprod\/wp-json\/wp\/v2\/comments?post=72"}],"version-history":[{"count":5,"href":"https:\/\/nexus-sn.com\/preprod\/wp-json\/wp\/v2\/pages\/72\/revisions"}],"predecessor-version":[{"id":4524,"href":"https:\/\/nexus-sn.com\/preprod\/wp-json\/wp\/v2\/pages\/72\/revisions\/4524"}],"wp:attachment":[{"href":"https:\/\/nexus-sn.com\/preprod\/wp-json\/wp\/v2\/media?parent=72"}],"curies":[{"name":"wp","href":"https:\/\/api.w.org\/{rel}","templated":true}]}}