{"id":4552,"date":"2024-12-24T01:36:10","date_gmt":"2024-12-24T00:36:10","guid":{"rendered":"https:\/\/nexus-sn.com\/preprod\/?page_id=4552"},"modified":"2025-02-15T15:21:03","modified_gmt":"2025-02-15T14:21:03","slug":"investir","status":"publish","type":"page","link":"https:\/\/nexus-sn.com\/preprod\/investir\/","title":{"rendered":"Investir"},"content":{"rendered":"\t\t<div data-elementor-type=\"wp-page\" data-elementor-id=\"4552\" class=\"elementor elementor-4552\">\n\t\t\t\t\t\t<section class=\"elementor-section elementor-top-section elementor-element elementor-element-c78974a elementor-section-boxed elementor-section-height-default elementor-section-height-default wpr-particle-no wpr-jarallax-no wpr-parallax-no wpr-sticky-section-no\" data-id=\"c78974a\" data-element_type=\"section\">\n\t\t\t\t\t\t<div class=\"elementor-container elementor-column-gap-extended\">\n\t\t\t\t\t<div class=\"elementor-column elementor-col-100 elementor-top-column elementor-element elementor-element-a784c97\" data-id=\"a784c97\" data-element_type=\"column\">\n\t\t\t<div class=\"elementor-widget-wrap elementor-element-populated\">\n\t\t\t\t\t\t<div class=\"elementor-element elementor-element-f446b12 elementor-widget__width-initial elementor-invisible elementor-widget elementor-widget-heading\" data-id=\"f446b12\" data-element_type=\"widget\" data-settings=\"{&quot;_animation&quot;:&quot;slide-up&quot;}\" data-widget_type=\"heading.default\">\n\t\t\t\t<div class=\"elementor-widget-container\">\n\t\t\t\t\t<h2 class=\"elementor-heading-title elementor-size-default\"><span class=\"text-theme\">Investir <\/span> avec Nexus Immobilier<\/h2>\t\t\t\t<\/div>\n\t\t\t\t<\/div>\n\t\t\t\t\t<\/div>\n\t\t<\/div>\n\t\t\t\t\t<\/div>\n\t\t<\/section>\n\t\t\t\t<section class=\"elementor-section elementor-top-section elementor-element elementor-element-a1385de elementor-section-boxed elementor-section-height-default elementor-section-height-default wpr-particle-no wpr-jarallax-no wpr-parallax-no wpr-sticky-section-no\" data-id=\"a1385de\" data-element_type=\"section\">\n\t\t\t\t\t\t<div class=\"elementor-container elementor-column-gap-extended\">\n\t\t\t\t\t<div class=\"elementor-column elementor-col-50 elementor-top-column elementor-element elementor-element-ef73f7d elementor-invisible\" data-id=\"ef73f7d\" data-element_type=\"column\" data-settings=\"{&quot;animation&quot;:&quot;slide-up&quot;}\">\n\t\t\t<div class=\"elementor-widget-wrap elementor-element-populated\">\n\t\t\t\t\t\t<div class=\"elementor-element elementor-element-8a34558 elementor-widget elementor-widget-heading\" data-id=\"8a34558\" data-element_type=\"widget\" data-widget_type=\"heading.default\">\n\t\t\t\t<div class=\"elementor-widget-container\">\n\t\t\t\t\t<h2 class=\"elementor-heading-title elementor-size-default\">Sublimez vos Projets, <br>\n<span class=\"text-theme\">Maximisez  <\/span> vos Opportunit\u00e9s\n\n<\/h2>\t\t\t\t<\/div>\n\t\t\t\t<\/div>\n\t\t\t\t<div class=\"elementor-element elementor-element-106dc4e elementor-widget elementor-widget-text-editor\" data-id=\"106dc4e\" data-element_type=\"widget\" data-widget_type=\"text-editor.default\">\n\t\t\t\t<div class=\"elementor-widget-container\">\n\t\t\t\t\t\t\t\t\t<p>Chez Nexus Immobilier, nous offrons bien plus qu\u2019une simple opportunit\u00e9 d\u2019investissement. Nous b\u00e2tissons des espaces o\u00f9 ambition, performance et innovation se rencontrent pour cr\u00e9er un patrimoine durable et prosp\u00e8re. Avec des projets soigneusement s\u00e9lectionn\u00e9s dans des emplacements strat\u00e9giques, notre objectif est de transformer chaque investissement en une exp\u00e9rience exceptionnelle, \u00e0 forte valeur ajout\u00e9e.<\/p>\t\t\t\t\t\t\t\t<\/div>\n\t\t\t\t<\/div>\n\t\t\t\t\t<\/div>\n\t\t<\/div>\n\t\t\t\t<div class=\"elementor-column elementor-col-50 elementor-top-column elementor-element elementor-element-f3effad\" data-id=\"f3effad\" data-element_type=\"column\">\n\t\t\t<div class=\"elementor-widget-wrap elementor-element-populated\">\n\t\t\t\t\t\t<div class=\"elementor-element elementor-element-6572b30 elementor-invisible elementor-widget elementor-widget-image\" data-id=\"6572b30\" data-element_type=\"widget\" data-settings=\"{&quot;_animation&quot;:&quot;slide-up&quot;,&quot;_animation_delay&quot;:200}\" data-widget_type=\"image.default\">\n\t\t\t\t<div class=\"elementor-widget-container\">\n\t\t\t\t\t\t\t\t\t\t\t\t\t\t\t<img fetchpriority=\"high\" decoding=\"async\" width=\"690\" height=\"800\" src=\"https:\/\/nexus-sn.com\/preprod\/wp-content\/uploads\/2023\/03\/home41.jpg\" class=\"attachment-full size-full wp-image-633\" alt=\"\" srcset=\"https:\/\/nexus-sn.com\/preprod\/wp-content\/uploads\/2023\/03\/home41.jpg 690w, https:\/\/nexus-sn.com\/preprod\/wp-content\/uploads\/2023\/03\/home41-259x300.jpg 259w\" sizes=\"(max-width: 690px) 100vw, 690px\" \/>\t\t\t\t\t\t\t\t\t\t\t\t\t\t\t<\/div>\n\t\t\t\t<\/div>\n\t\t\t\t\t<\/div>\n\t\t<\/div>\n\t\t\t\t\t<\/div>\n\t\t<\/section>\n\t\t\t\t<section class=\"elementor-section elementor-top-section elementor-element elementor-element-af243ab elementor-section-boxed elementor-section-height-default elementor-section-height-default wpr-particle-no wpr-jarallax-no wpr-parallax-no wpr-sticky-section-no\" data-id=\"af243ab\" data-element_type=\"section\" data-settings=\"{&quot;background_background&quot;:&quot;classic&quot;}\">\n\t\t\t\t\t\t\t<div class=\"elementor-background-overlay\"><\/div>\n\t\t\t\t\t\t\t<div class=\"elementor-container elementor-column-gap-extended\">\n\t\t\t\t\t<div class=\"elementor-column elementor-col-100 elementor-top-column elementor-element elementor-element-8225e33 elementor-invisible\" data-id=\"8225e33\" data-element_type=\"column\" data-settings=\"{&quot;animation&quot;:&quot;slide-up&quot;}\">\n\t\t\t<div class=\"elementor-widget-wrap elementor-element-populated\">\n\t\t\t\t\t\t<div class=\"elementor-element elementor-element-94568b7 elementor-widget elementor-widget-heading\" data-id=\"94568b7\" data-element_type=\"widget\" data-widget_type=\"heading.default\">\n\t\t\t\t<div class=\"elementor-widget-container\">\n\t\t\t\t\t<h2 class=\"elementor-heading-title elementor-size-default\">POURQUOI INVESTIR<\/h2>\t\t\t\t<\/div>\n\t\t\t\t<\/div>\n\t\t\t\t<div class=\"elementor-element elementor-element-866b792 elementor-widget elementor-widget-heading\" data-id=\"866b792\" data-element_type=\"widget\" data-widget_type=\"heading.default\">\n\t\t\t\t<div class=\"elementor-widget-container\">\n\t\t\t\t\t<h2 class=\"elementor-heading-title elementor-size-default\">AVEC NEXUS<\/h2>\t\t\t\t<\/div>\n\t\t\t\t<\/div>\n\t\t\t\t<div class=\"elementor-element elementor-element-9d9ad11 elementor-widget__width-initial elementor-widget elementor-widget-apus_element_tabs\" data-id=\"9d9ad11\" data-element_type=\"widget\" data-widget_type=\"apus_element_tabs.default\">\n\t\t\t\t<div class=\"elementor-widget-container\">\n\t\t\t\t\t        <div class=\"widget-tabs  st_white\">\n            <div class=\"d-lg-flex align-items-center top-widget-info\">\n\n                \n                <div class=\"clearfix\">\n                    <ul role=\"tablist\" class=\"nav nav-tabs tabs-apartment flex-nowrap st_white\">\n                                                    <li>\n                                <a href=\"#tab-dyrIJ-0\" class=\"active\" data-bs-toggle=\"tab\">\n                                                                            Opportunit\u00e9s                                                                     <\/a>\n                            <\/li>\n                                                    <li>\n                                <a href=\"#tab-dyrIJ-1\" class=\"\" data-bs-toggle=\"tab\">\n                                                                            Rentabilit\u00e9                                                                    <\/a>\n                            <\/li>\n                                                    <li>\n                                <a href=\"#tab-dyrIJ-2\" class=\"\" data-bs-toggle=\"tab\">\n                                                                            Simplicit\u00e9                                                                     <\/a>\n                            <\/li>\n                                                    <li>\n                                <a href=\"#tab-dyrIJ-3\" class=\"\" data-bs-toggle=\"tab\">\n                                                                            Stabilit\u00e9                                                                     <\/a>\n                            <\/li>\n                                                    <li>\n                                <a href=\"#tab-dyrIJ-4\" class=\"\" data-bs-toggle=\"tab\">\n                                                                            Services haut de gamme                                                                    <\/a>\n                            <\/li>\n                                            <\/ul>\n                <\/div>\n            <\/div>\n            <div class=\"tab-content\">\n\n                                    <div id=\"tab-dyrIJ-0\" class=\"tab-pane fade show active\">\n\n                        <div class=\"tabs-inner\">\n\n                            <div data-elementor-type=\"section\" data-elementor-id=\"2048\" class=\"elementor elementor-2048\">\n\t\t\t\t\t\t<section class=\"elementor-section elementor-top-section elementor-element elementor-element-e2decfc elementor-section-boxed elementor-section-height-default elementor-section-height-default wpr-particle-no wpr-jarallax-no wpr-parallax-no wpr-sticky-section-no\" data-id=\"e2decfc\" data-element_type=\"section\">\n\t\t\t\t\t\t<div class=\"elementor-container elementor-column-gap-no\">\n\t\t\t\t\t<div class=\"elementor-column elementor-col-100 elementor-top-column elementor-element elementor-element-7175b1d\" data-id=\"7175b1d\" data-element_type=\"column\">\n\t\t\t<div class=\"elementor-widget-wrap elementor-element-populated\">\n\t\t\t\t\t\t<div class=\"elementor-element elementor-element-f7eaeaa elementor-widget elementor-widget-text-editor\" data-id=\"f7eaeaa\" data-element_type=\"widget\" data-widget_type=\"text-editor.default\">\n\t\t\t\t<div class=\"elementor-widget-container\">\n\t\t\t\t\t\t\t\t\t<p>Nous identifions et d\u00e9veloppons des projets immobiliers qui r\u00e9pondent aux exigences des investisseurs les plus avis\u00e9s. Que vous souhaitiez diversifier votre portefeuille ou g\u00e9n\u00e9rer des revenus locatifs attractifs, nos solutions personnalis\u00e9es sont con\u00e7ues pour maximiser vos rendements.<\/p>\t\t\t\t\t\t\t\t<\/div>\n\t\t\t\t<\/div>\n\t\t\t\t\t<\/div>\n\t\t<\/div>\n\t\t\t\t\t<\/div>\n\t\t<\/section>\n\t\t\t\t<\/div>                            \n                        <\/div>\n                    <\/div>\n                                    <div id=\"tab-dyrIJ-1\" class=\"tab-pane fade \">\n\n                        <div class=\"tabs-inner\">\n\n                            <div data-elementor-type=\"section\" data-elementor-id=\"2064\" class=\"elementor elementor-2064\">\n\t\t\t\t\t\t<section class=\"elementor-section elementor-top-section elementor-element elementor-element-4ba8610 elementor-section-boxed elementor-section-height-default elementor-section-height-default wpr-particle-no wpr-jarallax-no wpr-parallax-no wpr-sticky-section-no\" data-id=\"4ba8610\" data-element_type=\"section\">\n\t\t\t\t\t\t<div class=\"elementor-container elementor-column-gap-no\">\n\t\t\t\t\t<div class=\"elementor-column elementor-col-100 elementor-top-column elementor-element elementor-element-ca1434a\" data-id=\"ca1434a\" data-element_type=\"column\">\n\t\t\t<div class=\"elementor-widget-wrap elementor-element-populated\">\n\t\t\t\t\t\t<div class=\"elementor-element elementor-element-1706f5b elementor-widget elementor-widget-text-editor\" data-id=\"1706f5b\" data-element_type=\"widget\" data-widget_type=\"text-editor.default\">\n\t\t\t\t<div class=\"elementor-widget-container\">\n\t\t\t\t\t\t\t\t\t<p>Gr\u00e2ce \u00e0 des emplacements strat\u00e9giques, une conception d\u2019avant-garde, et des \u00e9quipements modernes, nos biens garantissent une demande locative constante et une valorisation croissante \u00e0 long terme.<\/p>\t\t\t\t\t\t\t\t<\/div>\n\t\t\t\t<\/div>\n\t\t\t\t\t<\/div>\n\t\t<\/div>\n\t\t\t\t\t<\/div>\n\t\t<\/section>\n\t\t\t\t<\/div>                            \n                        <\/div>\n                    <\/div>\n                                    <div id=\"tab-dyrIJ-2\" class=\"tab-pane fade \">\n\n                        <div class=\"tabs-inner\">\n\n                            <div data-elementor-type=\"section\" data-elementor-id=\"2070\" class=\"elementor elementor-2070\">\n\t\t\t\t\t\t<section class=\"elementor-section elementor-top-section elementor-element elementor-element-30c5f8d elementor-section-boxed elementor-section-height-default elementor-section-height-default wpr-particle-no wpr-jarallax-no wpr-parallax-no wpr-sticky-section-no\" data-id=\"30c5f8d\" data-element_type=\"section\">\n\t\t\t\t\t\t<div class=\"elementor-container elementor-column-gap-no\">\n\t\t\t\t\t<div class=\"elementor-column elementor-col-100 elementor-top-column elementor-element elementor-element-457a30e\" data-id=\"457a30e\" data-element_type=\"column\">\n\t\t\t<div class=\"elementor-widget-wrap elementor-element-populated\">\n\t\t\t\t\t\t<div class=\"elementor-element elementor-element-780db81 elementor-widget elementor-widget-text-editor\" data-id=\"780db81\" data-element_type=\"widget\" data-widget_type=\"text-editor.default\">\n\t\t\t\t<div class=\"elementor-widget-container\">\n\t\t\t\t\t\t\t\t\t<p>Investir avec Nexus, c\u2019est b\u00e9n\u00e9ficier d\u2019un accompagnement fluide et rigoureux \u00e0 chaque \u00e9tape. De l\u2019acquisition \u00e0 la gestion de votre bien, nous assurons un suivi complet et personnalis\u00e9 pour garantir votre s\u00e9r\u00e9nit\u00e9.<\/p>\t\t\t\t\t\t\t\t<\/div>\n\t\t\t\t<\/div>\n\t\t\t\t\t<\/div>\n\t\t<\/div>\n\t\t\t\t\t<\/div>\n\t\t<\/section>\n\t\t\t\t<\/div>                            \n                        <\/div>\n                    <\/div>\n                                    <div id=\"tab-dyrIJ-3\" class=\"tab-pane fade \">\n\n                        <div class=\"tabs-inner\">\n\n                            <div data-elementor-type=\"section\" data-elementor-id=\"2077\" class=\"elementor elementor-2077\">\n\t\t\t\t\t\t<section class=\"elementor-section elementor-top-section elementor-element elementor-element-2f6580f elementor-section-boxed elementor-section-height-default elementor-section-height-default wpr-particle-no wpr-jarallax-no wpr-parallax-no wpr-sticky-section-no\" data-id=\"2f6580f\" data-element_type=\"section\">\n\t\t\t\t\t\t<div class=\"elementor-container elementor-column-gap-no\">\n\t\t\t\t\t<div class=\"elementor-column elementor-col-100 elementor-top-column elementor-element elementor-element-e0358ef\" data-id=\"e0358ef\" data-element_type=\"column\">\n\t\t\t<div class=\"elementor-widget-wrap elementor-element-populated\">\n\t\t\t\t\t\t<div class=\"elementor-element elementor-element-2fe8ea5 elementor-widget elementor-widget-text-editor\" data-id=\"2fe8ea5\" data-element_type=\"widget\" data-widget_type=\"text-editor.default\">\n\t\t\t\t<div class=\"elementor-widget-container\">\n\t\t\t\t\t\t\t\t\t<p>Nos projets ne se limitent pas \u00e0 Dakar. Des r\u00e9gions comme Saly, en plein essor touristique, offrent des opportunit\u00e9s uniques pour les investisseurs visionnaires. Avec des prix comp\u00e9titifs et une valorisation en constante progression, ces zones repr\u00e9sentent un choix strat\u00e9gique pour b\u00e2tir votre patrimoine.<\/p>\t\t\t\t\t\t\t\t<\/div>\n\t\t\t\t<\/div>\n\t\t\t\t\t<\/div>\n\t\t<\/div>\n\t\t\t\t\t<\/div>\n\t\t<\/section>\n\t\t\t\t<\/div>                            \n                        <\/div>\n                    <\/div>\n                                    <div id=\"tab-dyrIJ-4\" class=\"tab-pane fade \">\n\n                        <div class=\"tabs-inner\">\n\n                            <div data-elementor-type=\"section\" data-elementor-id=\"2077\" class=\"elementor elementor-2077\">\n\t\t\t\t\t\t<section class=\"elementor-section elementor-top-section elementor-element elementor-element-2f6580f elementor-section-boxed elementor-section-height-default elementor-section-height-default wpr-particle-no wpr-jarallax-no wpr-parallax-no wpr-sticky-section-no\" data-id=\"2f6580f\" data-element_type=\"section\">\n\t\t\t\t\t\t<div class=\"elementor-container elementor-column-gap-no\">\n\t\t\t\t\t<div class=\"elementor-column elementor-col-100 elementor-top-column elementor-element elementor-element-e0358ef\" data-id=\"e0358ef\" data-element_type=\"column\">\n\t\t\t<div class=\"elementor-widget-wrap elementor-element-populated\">\n\t\t\t\t\t\t<div class=\"elementor-element elementor-element-2fe8ea5 elementor-widget elementor-widget-text-editor\" data-id=\"2fe8ea5\" data-element_type=\"widget\" data-widget_type=\"text-editor.default\">\n\t\t\t\t<div class=\"elementor-widget-container\">\n\t\t\t\t\t\t\t\t\t<p>Nos projets ne se limitent pas \u00e0 Dakar. Des r\u00e9gions comme Saly, en plein essor touristique, offrent des opportunit\u00e9s uniques pour les investisseurs visionnaires. Avec des prix comp\u00e9titifs et une valorisation en constante progression, ces zones repr\u00e9sentent un choix strat\u00e9gique pour b\u00e2tir votre patrimoine.<\/p>\t\t\t\t\t\t\t\t<\/div>\n\t\t\t\t<\/div>\n\t\t\t\t\t<\/div>\n\t\t<\/div>\n\t\t\t\t\t<\/div>\n\t\t<\/section>\n\t\t\t\t<\/div>                            \n                        <\/div>\n                    <\/div>\n                            <\/div>\n        <\/div>\n        \t\t\t\t<\/div>\n\t\t\t\t<\/div>\n\t\t\t\t\t<\/div>\n\t\t<\/div>\n\t\t\t\t\t<\/div>\n\t\t<\/section>\n\t\t\t\t<section class=\"elementor-section elementor-top-section elementor-element elementor-element-4dd00ff9 elementor-section-stretched elementor-section-boxed elementor-section-height-default elementor-section-height-default wpr-particle-no wpr-jarallax-no wpr-parallax-no wpr-sticky-section-no\" data-id=\"4dd00ff9\" data-element_type=\"section\" data-settings=\"{&quot;stretch_section&quot;:&quot;section-stretched&quot;}\">\n\t\t\t\t\t\t<div class=\"elementor-container elementor-column-gap-no\">\n\t\t\t\t\t<div class=\"elementor-column elementor-col-100 elementor-top-column elementor-element elementor-element-2510ef81\" data-id=\"2510ef81\" data-element_type=\"column\" data-settings=\"{&quot;background_background&quot;:&quot;classic&quot;}\">\n\t\t\t<div class=\"elementor-widget-wrap elementor-element-populated\">\n\t\t\t\t\t\t<section class=\"elementor-section elementor-inner-section elementor-element elementor-element-2e00171a elementor-section-content-middle elementor-section-boxed elementor-section-height-default elementor-section-height-default wpr-particle-no wpr-jarallax-no wpr-parallax-no wpr-sticky-section-no\" data-id=\"2e00171a\" data-element_type=\"section\">\n\t\t\t\t\t\t<div class=\"elementor-container elementor-column-gap-extended\">\n\t\t\t\t\t<div class=\"elementor-column elementor-col-50 elementor-inner-column elementor-element elementor-element-4deb29d6 elementor-invisible\" data-id=\"4deb29d6\" data-element_type=\"column\" data-settings=\"{&quot;animation&quot;:&quot;slide-up&quot;}\">\n\t\t\t<div class=\"elementor-widget-wrap elementor-element-populated\">\n\t\t\t\t\t\t<div class=\"elementor-element elementor-element-5700cdac elementor-widget elementor-widget-heading\" data-id=\"5700cdac\" data-element_type=\"widget\" data-widget_type=\"heading.default\">\n\t\t\t\t<div class=\"elementor-widget-container\">\n\t\t\t\t\t<h2 class=\"elementor-heading-title elementor-size-default\">INVESTISSEZ AU SENEGAL<\/h2>\t\t\t\t<\/div>\n\t\t\t\t<\/div>\n\t\t\t\t<div class=\"elementor-element elementor-element-4c1e008c elementor-widget elementor-widget-heading\" data-id=\"4c1e008c\" data-element_type=\"widget\" data-widget_type=\"heading.default\">\n\t\t\t\t<div class=\"elementor-widget-container\">\n\t\t\t\t\t<h2 class=\"elementor-heading-title elementor-size-default\">AVEC NEXUS<\/h2>\t\t\t\t<\/div>\n\t\t\t\t<\/div>\n\t\t\t\t\t<\/div>\n\t\t<\/div>\n\t\t\t\t<div class=\"elementor-column elementor-col-50 elementor-inner-column elementor-element elementor-element-34337bc4\" data-id=\"34337bc4\" data-element_type=\"column\">\n\t\t\t<div class=\"elementor-widget-wrap elementor-element-populated\">\n\t\t\t\t\t\t<div class=\"elementor-element elementor-element-18b044ec elementor-invisible elementor-widget elementor-widget-text-editor\" data-id=\"18b044ec\" data-element_type=\"widget\" data-settings=\"{&quot;_animation&quot;:&quot;slide-up&quot;,&quot;_animation_delay&quot;:150}\" data-widget_type=\"text-editor.default\">\n\t\t\t\t<div class=\"elementor-widget-container\">\n\t\t\t\t\t\t\t\t\t<p>Nous croyons en des investissements qui durent. Notre expertise en gestion de patrimoine immobilier assure que chaque projet est non seulement con\u00e7u pour r\u00e9pondre aux besoins imm\u00e9diats, mais \u00e9galement pour pr\u00e9server et accro\u00eetre sa valeur au fil du temps, dans une d\u00e9marche durable et responsable.<\/p>\t\t\t\t\t\t\t\t<\/div>\n\t\t\t\t<\/div>\n\t\t\t\t<div class=\"elementor-element elementor-element-3c7c9376 button-fullwidth elementor-widget elementor-widget-button\" data-id=\"3c7c9376\" data-element_type=\"widget\" data-widget_type=\"button.default\">\n\t\t\t\t<div class=\"elementor-widget-container\">\n\t\t\t\t\t\t\t\t\t<div class=\"elementor-button-wrapper\">\n\t\t\t\t\t<a class=\"elementor-button elementor-button-link elementor-size-sm\" href=\"https:\/\/wa.link\/u8fmni\" target=\"_blank\">\n\t\t\t\t\t\t<span class=\"elementor-button-content-wrapper\">\n\t\t\t\t\t\t\t\t\t<span class=\"elementor-button-text\">Je r\u00e9serve un appel avec un conseiller<\/span>\n\t\t\t\t\t<\/span>\n\t\t\t\t\t<\/a>\n\t\t\t\t<\/div>\n\t\t\t\t\t\t\t\t<\/div>\n\t\t\t\t<\/div>\n\t\t\t\t\t<\/div>\n\t\t<\/div>\n\t\t\t\t\t<\/div>\n\t\t<\/section>\n\t\t\t\t\t<\/div>\n\t\t<\/div>\n\t\t\t\t\t<\/div>\n\t\t<\/section>\n\t\t\t\t<\/div>\n\t\t","protected":false},"excerpt":{"rendered":"<p>Investir avec Nexus Immobilier Sublimez vos Projets, Maximisez vos Opportunit\u00e9s Chez Nexus Immobilier, nous offrons bien plus qu\u2019une simple opportunit\u00e9 d\u2019investissement. Nous b\u00e2tissons des espaces o\u00f9 ambition, performance et innovation se rencontrent pour cr\u00e9er un patrimoine durable et prosp\u00e8re. Avec des projets soigneusement s\u00e9lectionn\u00e9s dans des emplacements strat\u00e9giques, notre objectif est de transformer chaque investissement en une exp\u00e9rience exceptionnelle, \u00e0 forte valeur ajout\u00e9e. POURQUOI INVESTIR AVEC NEXUS Opportunit\u00e9s Rentabilit\u00e9 Simplicit\u00e9 Stabilit\u00e9 Services haut de gamme Nous identifions et d\u00e9veloppons des projets immobiliers qui r\u00e9pondent aux exigences des investisseurs les plus avis\u00e9s. Que vous souhaitiez diversifier votre portefeuille ou g\u00e9n\u00e9rer des revenus locatifs attractifs, nos solutions personnalis\u00e9es sont con\u00e7ues pour maximiser vos rendements. Gr\u00e2ce \u00e0 des emplacements strat\u00e9giques, une conception d\u2019avant-garde, et des \u00e9quipements modernes, nos biens garantissent une demande locative constante et une valorisation croissante \u00e0 long terme. Investir avec Nexus, c\u2019est b\u00e9n\u00e9ficier d\u2019un accompagnement fluide et rigoureux \u00e0 chaque \u00e9tape. De l\u2019acquisition \u00e0 la gestion de votre bien, nous assurons un suivi complet et personnalis\u00e9 pour garantir votre s\u00e9r\u00e9nit\u00e9. Nos projets ne se limitent pas \u00e0 Dakar. Des r\u00e9gions comme Saly, en plein essor touristique, offrent des opportunit\u00e9s uniques pour les investisseurs visionnaires. Avec des prix comp\u00e9titifs et une valorisation en constante progression, ces zones repr\u00e9sentent un choix strat\u00e9gique pour b\u00e2tir votre patrimoine. Nos projets ne se limitent pas \u00e0 Dakar. Des r\u00e9gions comme Saly, en plein essor touristique, offrent des opportunit\u00e9s uniques pour les investisseurs visionnaires. Avec des prix comp\u00e9titifs et une valorisation en constante progression, ces zones repr\u00e9sentent un choix strat\u00e9gique pour b\u00e2tir votre patrimoine. INVESTISSEZ AU SENEGAL AVEC NEXUS Nous croyons en des investissements qui durent. Notre expertise en gestion de patrimoine immobilier assure que chaque projet est non seulement con\u00e7u pour r\u00e9pondre aux besoins imm\u00e9diats, mais \u00e9galement pour pr\u00e9server et accro\u00eetre sa valeur au fil du temps, dans une d\u00e9marche durable et responsable. Je r\u00e9serve un appel avec un conseiller<\/p>\n","protected":false},"author":2,"featured_media":0,"parent":0,"menu_order":0,"comment_status":"closed","ping_status":"closed","template":"","meta":{"iawp_total_views":3,"footnotes":""},"class_list":["post-4552","page","type-page","status-publish","hentry"],"_links":{"self":[{"href":"https:\/\/nexus-sn.com\/preprod\/wp-json\/wp\/v2\/pages\/4552","targetHints":{"allow":["GET"]}}],"collection":[{"href":"https:\/\/nexus-sn.com\/preprod\/wp-json\/wp\/v2\/pages"}],"about":[{"href":"https:\/\/nexus-sn.com\/preprod\/wp-json\/wp\/v2\/types\/page"}],"author":[{"embeddable":true,"href":"https:\/\/nexus-sn.com\/preprod\/wp-json\/wp\/v2\/users\/2"}],"replies":[{"embeddable":true,"href":"https:\/\/nexus-sn.com\/preprod\/wp-json\/wp\/v2\/comments?post=4552"}],"version-history":[{"count":31,"href":"https:\/\/nexus-sn.com\/preprod\/wp-json\/wp\/v2\/pages\/4552\/revisions"}],"predecessor-version":[{"id":4880,"href":"https:\/\/nexus-sn.com\/preprod\/wp-json\/wp\/v2\/pages\/4552\/revisions\/4880"}],"wp:attachment":[{"href":"https:\/\/nexus-sn.com\/preprod\/wp-json\/wp\/v2\/media?parent=4552"}],"curies":[{"name":"wp","href":"https:\/\/api.w.org\/{rel}","templated":true}]}}